{"id":70,"date":"2019-08-26T03:22:51","date_gmt":"2019-08-26T03:22:51","guid":{"rendered":"http:\/\/cantosdelcamino.com\/?page_id=70"},"modified":"2022-11-12T17:33:03","modified_gmt":"2022-11-12T17:33:03","slug":"melodias","status":"publish","type":"page","link":"https:\/\/cantosdelcamino.com\/?page_id=70","title":{"rendered":"Melod\u00edas"},"content":{"rendered":"<p><span style=\"color: #0000ff;\"><\/span><\/p>\r\n<p><span style=\"color: #000000; font-family: arial, helvetica, sans-serif;\">Para escuchar la melod\u00eda de una canci\u00f3n, haga clic primero en la letra con la cual comienza la canci\u00f3n, y luego Play en el MP3 que aparece debajo del t\u00edtulo. O puede ir directo al men\u00fa de Melod\u00edas en la p\u00e1gina, donde est\u00e1 la lista del alfabeto, para escoger la letra deseada. Cuando es una canci\u00f3n que aparecer\u00e1 en la segunda edici\u00f3n (la cual no ha salido todav\u00eda), aparece la partitura de la canci\u00f3n al lado del t\u00edtulo, en la p\u00e1gina de la melod\u00eda de la canci\u00f3n.\u00a0 \u00a0 \u00a0<\/span><\/p>\r\n<p>&nbsp;<\/p>\r\n<p><strong><span style=\"color: #0000ff;\">\r\n\r\n<\/span><\/strong><\/p>\r\n<h4><span style=\"color: #0000ff;\"><a style=\"color: #0000ff;\" href=\"https:\/\/cantosdelcamino.com\/?page_id=2\" target=\"_blank\" rel=\"noopener\"><strong>A \u00a0<\/strong><\/a><strong><a style=\"color: #0000ff;\" href=\"https:\/\/cantosdelcamino.com\/?page_id=105\" target=\"_blank\" rel=\"noopener\">B<\/a>\u00a0 <\/strong><strong><a style=\"color: #0000ff;\" href=\"https:\/\/cantosdelcamino.com\/?page_id=130\" target=\"_blank\" rel=\"noopener\">C<\/a>\u00a0 <\/strong><a style=\"color: #0000ff;\" href=\"https:\/\/cantosdelcamino.com\/?page_id=132\" target=\"_blank\" rel=\"noopener\"><strong>D<\/strong><\/a> \u00a0<strong><a style=\"color: #0000ff;\" href=\"https:\/\/cantosdelcamino.com\/?page_id=134\" target=\"_blank\" rel=\"noopener\">E<\/a> \u00a0<\/strong><strong><a style=\"color: #0000ff;\" href=\"https:\/\/cantosdelcamino.com\/?page_id=79\" target=\"_blank\" rel=\"noopener\">F<\/a> \u00a0<\/strong><strong><a style=\"color: #0000ff;\" href=\"https:\/\/cantosdelcamino.com\/?page_id=136\" target=\"_blank\" rel=\"noopener\">G<\/a> \u00a0<\/strong><strong><a style=\"color: #0000ff;\" href=\"https:\/\/cantosdelcamino.com\/?page_id=138\" target=\"_blank\" rel=\"noopener\">H<\/a> \u00a0<\/strong><strong><a style=\"color: #0000ff;\" href=\"https:\/\/cantosdelcamino.com\/?page_id=95\" target=\"_blank\" rel=\"noopener\">I<\/a> \u00a0<\/strong><strong><a style=\"color: #0000ff;\" href=\"https:\/\/cantosdelcamino.com\/?page_id=140\" target=\"_blank\" rel=\"noopener\">J<\/a> \u00a0<\/strong><strong><a style=\"color: #0000ff;\" href=\"https:\/\/cantosdelcamino.com\/?page_id=142\" target=\"_blank\" rel=\"noopener\">L<\/a>\u00a0 <a style=\"color: #0000ff;\" href=\"https:\/\/cantosdelcamino.com\/?page_id=144\" target=\"_blank\" rel=\"noopener\">M <\/a><\/strong><strong>\u00a0<\/strong><strong><a style=\"color: #0000ff;\" href=\"https:\/\/cantosdelcamino.com\/?page_id=146\" target=\"_blank\" rel=\"noopener\">N <\/a>\u00a0<\/strong><strong><a style=\"color: #0000ff;\" href=\"https:\/\/cantosdelcamino.com\/?page_id=148\" target=\"_blank\" rel=\"noopener\">O<\/a> \u00a0<\/strong><strong><a style=\"color: #0000ff;\" href=\"https:\/\/cantosdelcamino.com\/?page_id=150\" target=\"_blank\" rel=\"noopener\">P<\/a> \u00a0<\/strong><strong><a style=\"color: #0000ff;\" href=\"https:\/\/cantosdelcamino.com\/?page_id=152\" target=\"_blank\" rel=\"noopener\">Q<\/a> \u00a0<\/strong><strong><a style=\"color: #0000ff;\" href=\"https:\/\/cantosdelcamino.com\/?page_id=115\" target=\"_blank\" rel=\"noopener\">R<\/a> \u00a0<\/strong><strong><a style=\"color: #0000ff;\" href=\"https:\/\/cantosdelcamino.com\/?page_id=154\" target=\"_blank\" rel=\"noopener\">S<\/a> \u00a0<\/strong><strong><a style=\"color: #0000ff;\" href=\"https:\/\/cantosdelcamino.com\/?page_id=156\" target=\"_blank\" rel=\"noopener\">T<\/a> \u00a0<\/strong><strong><a style=\"color: #0000ff;\" href=\"https:\/\/cantosdelcamino.com\/?page_id=124\" target=\"_blank\" rel=\"noopener\">U<\/a> \u00a0<\/strong><strong><a style=\"color: #0000ff;\" href=\"https:\/\/cantosdelcamino.com\/?page_id=158\" target=\"_blank\" rel=\"noopener\">V<\/a> \u00a0<\/strong><a style=\"color: #0000ff;\" href=\"https:\/\/cantosdelcamino.com\/?page_id=160\" target=\"_blank\" rel=\"noopener\"><strong>Y<\/strong><\/a><\/span><\/h4>\r\n<p><strong><span style=\"color: #0000ff;\">\r\n\r\n<\/span><\/strong><\/p>\r\n<p><strong><span style=\"color: #0000ff;\">\r\n\r\n<\/span><\/strong><\/p>\r\n<p><strong><span style=\"color: #0000ff;\">\r\n\r\n<\/span><\/strong><\/p>\r\n<p><strong><span style=\"color: #0000ff;\">\r\n\r\n<\/span><\/strong><\/p>\r\n<p><strong><span style=\"color: #0000ff;\">\r\n\r\n<\/span><\/strong><\/p>\r\n<p><strong><span style=\"color: #0000ff;\">\r\n\r\n<\/span><\/strong><\/p>\r\n<p><strong><span style=\"color: #0000ff;\">\r\n\r\n<\/span><\/strong><\/p>\r\n<p><strong><span style=\"color: #0000ff;\">\r\n\r\n<\/span><\/strong><\/p>\r\n<p><strong><span style=\"color: #0000ff;\">\r\n\r\n<\/span><\/strong><\/p>\r\n<p><strong><span style=\"color: #0000ff;\">\r\n\r\n<\/span><\/strong><\/p>\r\n<p><strong><span style=\"color: #0000ff;\">\r\n\r\n<\/span><\/strong><\/p>\r\n<p><strong><span style=\"color: #0000ff;\">\r\n\r\n<\/span><\/strong><\/p>\r\n<p><strong><span style=\"color: #0000ff;\">\r\n\r\n<\/span><\/strong><\/p>\r\n<p><strong><span style=\"color: #0000ff;\">\r\n\r\n<\/span><\/strong><\/p>\r\n<p><strong><span style=\"color: #0000ff;\">\r\n\r\n<\/span><\/strong><\/p>\r\n<p><strong><span style=\"color: #0000ff;\">\r\n\r\n<\/span><\/strong><\/p>\r\n<p><strong><span style=\"color: #0000ff;\">\r\n\r\n<\/span><\/strong><\/p>\r\n<p><strong><span style=\"color: #0000ff;\">\r\n\r\n<\/span><\/strong><\/p>\r\n<p><strong><span style=\"color: #0000ff;\">\r\n\r\n<\/span><\/strong><\/p>\r\n<p><strong><span style=\"color: #0000ff;\">\r\n\r\n<\/span><\/strong><\/p>\r\n<p><strong><span style=\"color: #0000ff;\">\r\n\r\n<\/span><\/strong><\/p>\r\n<p><strong><span style=\"color: #0000ff;\">\r\n\r\n<\/span><\/strong><\/p>\r\n<p>&nbsp;<\/p>\r\n<p><span style=\"color: #0000ff;\"><\/span><\/p><div class=\"pvc_clear\"><\/div><p id=\"pvc_stats_70\" class=\"pvc_stats all  \" data-element-id=\"70\" style=\"\"><i class=\"pvc-stats-icon medium\" aria-hidden=\"true\"><svg aria-hidden=\"true\" focusable=\"false\" data-prefix=\"far\" data-icon=\"chart-bar\" role=\"img\" xmlns=\"http:\/\/www.w3.org\/2000\/svg\" viewBox=\"0 0 512 512\" class=\"svg-inline--fa fa-chart-bar fa-w-16 fa-2x\"><path fill=\"currentColor\" d=\"M396.8 352h22.4c6.4 0 12.8-6.4 12.8-12.8V108.8c0-6.4-6.4-12.8-12.8-12.8h-22.4c-6.4 0-12.8 6.4-12.8 12.8v230.4c0 6.4 6.4 12.8 12.8 12.8zm-192 0h22.4c6.4 0 12.8-6.4 12.8-12.8V140.8c0-6.4-6.4-12.8-12.8-12.8h-22.4c-6.4 0-12.8 6.4-12.8 12.8v198.4c0 6.4 6.4 12.8 12.8 12.8zm96 0h22.4c6.4 0 12.8-6.4 12.8-12.8V204.8c0-6.4-6.4-12.8-12.8-12.8h-22.4c-6.4 0-12.8 6.4-12.8 12.8v134.4c0 6.4 6.4 12.8 12.8 12.8zM496 400H48V80c0-8.84-7.16-16-16-16H16C7.16 64 0 71.16 0 80v336c0 17.67 14.33 32 32 32h464c8.84 0 16-7.16 16-16v-16c0-8.84-7.16-16-16-16zm-387.2-48h22.4c6.4 0 12.8-6.4 12.8-12.8v-70.4c0-6.4-6.4-12.8-12.8-12.8h-22.4c-6.4 0-12.8 6.4-12.8 12.8v70.4c0 6.4 6.4 12.8 12.8 12.8z\" class=\"\"><\/path><\/svg><\/i> <img loading=\"lazy\" decoding=\"async\" width=\"16\" height=\"16\" alt=\"Loading\" src=\"https:\/\/cantosdelcamino.com\/wp-content\/plugins\/page-views-count\/ajax-loader-2x.gif\" border=0 \/><\/p><div class=\"pvc_clear\"><\/div>","protected":false},"excerpt":{"rendered":"<p>Para escuchar la melod\u00eda de una canci\u00f3n, haga clic primero en la letra con la cual comienza la canci\u00f3n, y luego Play en el MP3 que aparece debajo del t\u00edtulo. O puede ir directo al men\u00fa de Melod\u00edas en la p\u00e1gina, donde est\u00e1 la lista del alfabeto, para escoger la letra deseada. Cuando es una [&hellip;]<\/p>\n<div class=\"pvc_clear\"><\/div>\n<p id=\"pvc_stats_70\" class=\"pvc_stats all  \" data-element-id=\"70\" style=\"\"><i class=\"pvc-stats-icon medium\" aria-hidden=\"true\"><svg aria-hidden=\"true\" focusable=\"false\" data-prefix=\"far\" data-icon=\"chart-bar\" role=\"img\" xmlns=\"http:\/\/www.w3.org\/2000\/svg\" viewBox=\"0 0 512 512\" class=\"svg-inline--fa fa-chart-bar fa-w-16 fa-2x\"><path fill=\"currentColor\" d=\"M396.8 352h22.4c6.4 0 12.8-6.4 12.8-12.8V108.8c0-6.4-6.4-12.8-12.8-12.8h-22.4c-6.4 0-12.8 6.4-12.8 12.8v230.4c0 6.4 6.4 12.8 12.8 12.8zm-192 0h22.4c6.4 0 12.8-6.4 12.8-12.8V140.8c0-6.4-6.4-12.8-12.8-12.8h-22.4c-6.4 0-12.8 6.4-12.8 12.8v198.4c0 6.4 6.4 12.8 12.8 12.8zm96 0h22.4c6.4 0 12.8-6.4 12.8-12.8V204.8c0-6.4-6.4-12.8-12.8-12.8h-22.4c-6.4 0-12.8 6.4-12.8 12.8v134.4c0 6.4 6.4 12.8 12.8 12.8zM496 400H48V80c0-8.84-7.16-16-16-16H16C7.16 64 0 71.16 0 80v336c0 17.67 14.33 32 32 32h464c8.84 0 16-7.16 16-16v-16c0-8.84-7.16-16-16-16zm-387.2-48h22.4c6.4 0 12.8-6.4 12.8-12.8v-70.4c0-6.4-6.4-12.8-12.8-12.8h-22.4c-6.4 0-12.8 6.4-12.8 12.8v70.4c0 6.4 6.4 12.8 12.8 12.8z\" class=\"\"><\/path><\/svg><\/i> <img loading=\"lazy\" decoding=\"async\" width=\"16\" height=\"16\" alt=\"Loading\" src=\"https:\/\/cantosdelcamino.com\/wp-content\/plugins\/page-views-count\/ajax-loader-2x.gif\" border=0 \/><\/p>\n<div class=\"pvc_clear\"><\/div>\n","protected":false},"author":1,"featured_media":0,"parent":0,"menu_order":0,"comment_status":"closed","ping_status":"closed","template":"","meta":{"footnotes":""},"class_list":["post-70","page","type-page","status-publish","hentry","post"],"a3_pvc":{"activated":true,"total_views":35024,"today_views":7},"_links":{"self":[{"href":"https:\/\/cantosdelcamino.com\/index.php?rest_route=\/wp\/v2\/pages\/70","targetHints":{"allow":["GET"]}}],"collection":[{"href":"https:\/\/cantosdelcamino.com\/index.php?rest_route=\/wp\/v2\/pages"}],"about":[{"href":"https:\/\/cantosdelcamino.com\/index.php?rest_route=\/wp\/v2\/types\/page"}],"author":[{"embeddable":true,"href":"https:\/\/cantosdelcamino.com\/index.php?rest_route=\/wp\/v2\/users\/1"}],"replies":[{"embeddable":true,"href":"https:\/\/cantosdelcamino.com\/index.php?rest_route=%2Fwp%2Fv2%2Fcomments&post=70"}],"version-history":[{"count":38,"href":"https:\/\/cantosdelcamino.com\/index.php?rest_route=\/wp\/v2\/pages\/70\/revisions"}],"predecessor-version":[{"id":1728,"href":"https:\/\/cantosdelcamino.com\/index.php?rest_route=\/wp\/v2\/pages\/70\/revisions\/1728"}],"wp:attachment":[{"href":"https:\/\/cantosdelcamino.com\/index.php?rest_route=%2Fwp%2Fv2%2Fmedia&parent=70"}],"curies":[{"name":"wp","href":"https:\/\/api.w.org\/{rel}","templated":true}]}}