{"id":669,"date":"2019-08-26T20:19:55","date_gmt":"2019-08-26T20:19:55","guid":{"rendered":"http:\/\/cantosdelcamino.com\/?page_id=669"},"modified":"2019-11-01T17:16:10","modified_gmt":"2019-11-01T17:16:10","slug":"teoria-de-musica","status":"publish","type":"page","link":"https:\/\/cantosdelcamino.com\/?page_id=669","title":{"rendered":"Teor\u00eda de m\u00fasica"},"content":{"rendered":"<p>En esta p\u00e1gina le ofrecemos los elementos b\u00e1sicos de la teor\u00eda de m\u00fasica; en particular, lo que es necesario para leer una partitura.\u00a0 Ense\u00f1amos acerca de los pentagramas, las notas, los intervalos, los ritmos, las claves, y algunas indicaciones acerca de varias partituras de cantos.\u00a0 Puede mirar el power point con la informaci\u00f3n, y mirar los videos que explican los power points.<\/p>\n<p>&nbsp;<\/p>\n<p><a href=\"https:\/\/cantosdelcamino.com\/wp-content\/uploads\/2019\/11\/Clase-1-El-Pentagrama-.ppt\">Clase 1 El Pentagrama (power point)<\/a><\/p>\n<p><span style=\"color: #339966;\">Video de Clase 1, El Pentagrama (abajo)<\/span><\/p>\n<div style=\"width: 720px;\" class=\"wp-video\"><video class=\"wp-video-shortcode\" id=\"video-669-1\" width=\"720\" height=\"325\" preload=\"metadata\" controls=\"controls\"><source type=\"video\/mp4\" src=\"https:\/\/cantosdelcamino.com\/wp-content\/uploads\/2019\/11\/Clase-1-El-Pentagrama.mp4?_=1\" \/><a href=\"https:\/\/cantosdelcamino.com\/wp-content\/uploads\/2019\/11\/Clase-1-El-Pentagrama.mp4\">https:\/\/cantosdelcamino.com\/wp-content\/uploads\/2019\/11\/Clase-1-El-Pentagrama.mp4<\/a><\/video><\/div>\n<p>&nbsp;<\/p>\n<p><a href=\"https:\/\/cantosdelcamino.com\/wp-content\/uploads\/2019\/11\/Clase-2-Intervalos.ppt\">Clase 2 Intervalos (power point)<\/a><\/p>\n<p><span style=\"color: #339966;\">Video de Clase 2, Los Intervalos (abajo)<\/span><\/p>\n<div style=\"width: 720px;\" class=\"wp-video\"><video class=\"wp-video-shortcode\" id=\"video-669-2\" width=\"720\" height=\"358\" preload=\"metadata\" controls=\"controls\"><source type=\"video\/mp4\" src=\"https:\/\/cantosdelcamino.com\/wp-content\/uploads\/2019\/11\/Clase-2-Los-intervalos.mp4?_=2\" \/><a href=\"https:\/\/cantosdelcamino.com\/wp-content\/uploads\/2019\/11\/Clase-2-Los-intervalos.mp4\">https:\/\/cantosdelcamino.com\/wp-content\/uploads\/2019\/11\/Clase-2-Los-intervalos.mp4<\/a><\/video><\/div>\n<p>&nbsp;<\/p>\n<p><a href=\"https:\/\/cantosdelcamino.com\/wp-content\/uploads\/2019\/11\/Clase-3-Claves-final.pptx\">Clase 3 Claves<\/a> (power point)<\/p>\n<p><span style=\"color: #339966;\">Video de Clase 3, Las Claves (abajo)<\/span><\/p>\n<div style=\"width: 720px;\" class=\"wp-video\"><video class=\"wp-video-shortcode\" id=\"video-669-3\" width=\"720\" height=\"345\" preload=\"metadata\" controls=\"controls\"><source type=\"video\/mp4\" src=\"https:\/\/cantosdelcamino.com\/wp-content\/uploads\/2019\/11\/Clase-3-Las-claves.mp4?_=3\" \/><a href=\"https:\/\/cantosdelcamino.com\/wp-content\/uploads\/2019\/11\/Clase-3-Las-claves.mp4\">https:\/\/cantosdelcamino.com\/wp-content\/uploads\/2019\/11\/Clase-3-Las-claves.mp4<\/a><\/video><\/div>\n<p>&nbsp;<\/p>\n<p><a href=\"https:\/\/cantosdelcamino.com\/wp-content\/uploads\/2019\/11\/Clase-4-Ritmos-final.pptx\">Clase 4 Ritmos (power point)<\/a><\/p>\n<p><span style=\"color: #339966;\">Video de Clase 4, Los Ritmos (abajo<\/span>)<\/p>\n<div style=\"width: 720px;\" class=\"wp-video\"><video class=\"wp-video-shortcode\" id=\"video-669-4\" width=\"720\" height=\"389\" preload=\"metadata\" controls=\"controls\"><source type=\"video\/mp4\" src=\"https:\/\/cantosdelcamino.com\/wp-content\/uploads\/2019\/11\/Clase-4-Los-ritmos.mp4?_=4\" \/><a href=\"https:\/\/cantosdelcamino.com\/wp-content\/uploads\/2019\/11\/Clase-4-Los-ritmos.mp4\">https:\/\/cantosdelcamino.com\/wp-content\/uploads\/2019\/11\/Clase-4-Los-ritmos.mp4<\/a><\/video><\/div>\n<p>&nbsp;<\/p>\n<p><a href=\"https:\/\/cantosdelcamino.com\/wp-content\/uploads\/2019\/11\/Clase-5-Partituras-final-1.pptx\">Clase 5 Partituras final<\/a> (power point)<\/p>\n<p><span style=\"color: #339966;\">Video de Clase 5, La Partitura (abajo)<\/span><\/p>\n<div style=\"width: 720px;\" class=\"wp-video\"><video class=\"wp-video-shortcode\" id=\"video-669-5\" width=\"720\" height=\"436\" preload=\"metadata\" controls=\"controls\"><source type=\"video\/mp4\" src=\"https:\/\/cantosdelcamino.com\/wp-content\/uploads\/2019\/11\/Clase-5-Co\u0301mo-entender-la-partitura.mp4?_=5\" \/><a href=\"https:\/\/cantosdelcamino.com\/wp-content\/uploads\/2019\/11\/Clase-5-Co\u0301mo-entender-la-partitura.mp4\">https:\/\/cantosdelcamino.com\/wp-content\/uploads\/2019\/11\/Clase-5-Co\u0301mo-entender-la-partitura.mp4<\/a><\/video><\/div>\n<div class=\"pvc_clear\"><\/div>\n<p id=\"pvc_stats_669\" class=\"pvc_stats all  \" data-element-id=\"669\" style=\"\"><i class=\"pvc-stats-icon medium\" aria-hidden=\"true\"><svg aria-hidden=\"true\" focusable=\"false\" data-prefix=\"far\" data-icon=\"chart-bar\" role=\"img\" xmlns=\"http:\/\/www.w3.org\/2000\/svg\" viewBox=\"0 0 512 512\" class=\"svg-inline--fa fa-chart-bar fa-w-16 fa-2x\"><path fill=\"currentColor\" d=\"M396.8 352h22.4c6.4 0 12.8-6.4 12.8-12.8V108.8c0-6.4-6.4-12.8-12.8-12.8h-22.4c-6.4 0-12.8 6.4-12.8 12.8v230.4c0 6.4 6.4 12.8 12.8 12.8zm-192 0h22.4c6.4 0 12.8-6.4 12.8-12.8V140.8c0-6.4-6.4-12.8-12.8-12.8h-22.4c-6.4 0-12.8 6.4-12.8 12.8v198.4c0 6.4 6.4 12.8 12.8 12.8zm96 0h22.4c6.4 0 12.8-6.4 12.8-12.8V204.8c0-6.4-6.4-12.8-12.8-12.8h-22.4c-6.4 0-12.8 6.4-12.8 12.8v134.4c0 6.4 6.4 12.8 12.8 12.8zM496 400H48V80c0-8.84-7.16-16-16-16H16C7.16 64 0 71.16 0 80v336c0 17.67 14.33 32 32 32h464c8.84 0 16-7.16 16-16v-16c0-8.84-7.16-16-16-16zm-387.2-48h22.4c6.4 0 12.8-6.4 12.8-12.8v-70.4c0-6.4-6.4-12.8-12.8-12.8h-22.4c-6.4 0-12.8 6.4-12.8 12.8v70.4c0 6.4 6.4 12.8 12.8 12.8z\" class=\"\"><\/path><\/svg><\/i> <img loading=\"lazy\" decoding=\"async\" width=\"16\" height=\"16\" alt=\"Loading\" src=\"https:\/\/cantosdelcamino.com\/wp-content\/plugins\/page-views-count\/ajax-loader-2x.gif\" border=0 \/><\/p>\n<div class=\"pvc_clear\"><\/div>\n","protected":false},"excerpt":{"rendered":"<p>En esta p\u00e1gina le ofrecemos los elementos b\u00e1sicos de la teor\u00eda de m\u00fasica; en particular, lo que es necesario para leer una partitura.\u00a0 Ense\u00f1amos acerca de los pentagramas, las notas, los intervalos, los ritmos, las claves, y algunas indicaciones acerca de varias partituras de cantos.\u00a0 Puede mirar el power point con la informaci\u00f3n, y mirar [&hellip;]<\/p>\n<div class=\"pvc_clear\"><\/div>\n<p id=\"pvc_stats_669\" class=\"pvc_stats all  \" data-element-id=\"669\" style=\"\"><i class=\"pvc-stats-icon medium\" aria-hidden=\"true\"><svg aria-hidden=\"true\" focusable=\"false\" data-prefix=\"far\" data-icon=\"chart-bar\" role=\"img\" xmlns=\"http:\/\/www.w3.org\/2000\/svg\" viewBox=\"0 0 512 512\" class=\"svg-inline--fa fa-chart-bar fa-w-16 fa-2x\"><path fill=\"currentColor\" d=\"M396.8 352h22.4c6.4 0 12.8-6.4 12.8-12.8V108.8c0-6.4-6.4-12.8-12.8-12.8h-22.4c-6.4 0-12.8 6.4-12.8 12.8v230.4c0 6.4 6.4 12.8 12.8 12.8zm-192 0h22.4c6.4 0 12.8-6.4 12.8-12.8V140.8c0-6.4-6.4-12.8-12.8-12.8h-22.4c-6.4 0-12.8 6.4-12.8 12.8v198.4c0 6.4 6.4 12.8 12.8 12.8zm96 0h22.4c6.4 0 12.8-6.4 12.8-12.8V204.8c0-6.4-6.4-12.8-12.8-12.8h-22.4c-6.4 0-12.8 6.4-12.8 12.8v134.4c0 6.4 6.4 12.8 12.8 12.8zM496 400H48V80c0-8.84-7.16-16-16-16H16C7.16 64 0 71.16 0 80v336c0 17.67 14.33 32 32 32h464c8.84 0 16-7.16 16-16v-16c0-8.84-7.16-16-16-16zm-387.2-48h22.4c6.4 0 12.8-6.4 12.8-12.8v-70.4c0-6.4-6.4-12.8-12.8-12.8h-22.4c-6.4 0-12.8 6.4-12.8 12.8v70.4c0 6.4 6.4 12.8 12.8 12.8z\" class=\"\"><\/path><\/svg><\/i> <img loading=\"lazy\" decoding=\"async\" width=\"16\" height=\"16\" alt=\"Loading\" src=\"https:\/\/cantosdelcamino.com\/wp-content\/plugins\/page-views-count\/ajax-loader-2x.gif\" border=0 \/><\/p>\n<div class=\"pvc_clear\"><\/div>\n","protected":false},"author":1,"featured_media":0,"parent":0,"menu_order":0,"comment_status":"closed","ping_status":"closed","template":"","meta":{"footnotes":""},"class_list":["post-669","page","type-page","status-publish","hentry","post"],"a3_pvc":{"activated":true,"total_views":5645,"today_views":1},"_links":{"self":[{"href":"https:\/\/cantosdelcamino.com\/index.php?rest_route=\/wp\/v2\/pages\/669","targetHints":{"allow":["GET"]}}],"collection":[{"href":"https:\/\/cantosdelcamino.com\/index.php?rest_route=\/wp\/v2\/pages"}],"about":[{"href":"https:\/\/cantosdelcamino.com\/index.php?rest_route=\/wp\/v2\/types\/page"}],"author":[{"embeddable":true,"href":"https:\/\/cantosdelcamino.com\/index.php?rest_route=\/wp\/v2\/users\/1"}],"replies":[{"embeddable":true,"href":"https:\/\/cantosdelcamino.com\/index.php?rest_route=%2Fwp%2Fv2%2Fcomments&post=669"}],"version-history":[{"count":9,"href":"https:\/\/cantosdelcamino.com\/index.php?rest_route=\/wp\/v2\/pages\/669\/revisions"}],"predecessor-version":[{"id":1425,"href":"https:\/\/cantosdelcamino.com\/index.php?rest_route=\/wp\/v2\/pages\/669\/revisions\/1425"}],"wp:attachment":[{"href":"https:\/\/cantosdelcamino.com\/index.php?rest_route=%2Fwp%2Fv2%2Fmedia&parent=669"}],"curies":[{"name":"wp","href":"https:\/\/api.w.org\/{rel}","templated":true}]}}