{"id":644,"date":"2019-08-26T20:16:38","date_gmt":"2019-08-26T20:16:38","guid":{"rendered":"http:\/\/cantosdelcamino.com\/?page_id=644"},"modified":"2020-06-12T05:31:28","modified_gmt":"2020-06-12T05:31:28","slug":"y","status":"publish","type":"page","link":"https:\/\/cantosdelcamino.com\/?page_id=644","title":{"rendered":"Y"},"content":{"rendered":"<p><span style=\"color: #0000ff;\">Y t\u00fa, Bel\u00e9n\u00a0 96<\/span><\/p>\n<audio class=\"wp-audio-shortcode\" id=\"audio-644-1\" preload=\"none\" style=\"width: 100%;\" controls=\"controls\"><source type=\"audio\/mpeg\" src=\"https:\/\/cantosdelcamino.com\/wp-content\/uploads\/2019\/08\/Q96YtuBelen.mp3?_=1\" \/><a href=\"https:\/\/cantosdelcamino.com\/wp-content\/uploads\/2019\/08\/Q96YtuBelen.mp3\">https:\/\/cantosdelcamino.com\/wp-content\/uploads\/2019\/08\/Q96YtuBelen.mp3<\/a><\/audio>\n<p><span style=\"color: #0000ff;\">Yo amo a Jesucristo\u00a0 92<\/span><\/p>\n<audio class=\"wp-audio-shortcode\" id=\"audio-644-2\" preload=\"none\" style=\"width: 100%;\" controls=\"controls\"><source type=\"audio\/mpeg\" src=\"https:\/\/cantosdelcamino.com\/wp-content\/uploads\/2019\/08\/Q92YoamoaJesucristo.mp3?_=2\" \/><a href=\"https:\/\/cantosdelcamino.com\/wp-content\/uploads\/2019\/08\/Q92YoamoaJesucristo.mp3\">https:\/\/cantosdelcamino.com\/wp-content\/uploads\/2019\/08\/Q92YoamoaJesucristo.mp3<\/a><\/audio>\n<p><span style=\"color: #0000ff;\">Yo s\u00e9 a qui\u00e9n he cre\u00eddo\u00a0 392<\/span><\/p>\n<p>&nbsp;<\/p>\n<p><span style=\"color: #0000ff;\">Yo soy la luz del mundo\u00a0 417<\/span><\/p>\n<audio class=\"wp-audio-shortcode\" id=\"audio-644-3\" preload=\"none\" style=\"width: 100%;\" controls=\"controls\"><source type=\"audio\/mpeg\" src=\"https:\/\/cantosdelcamino.com\/wp-content\/uploads\/2020\/05\/Yo-soy-la-luz-del-mundo.m4a?_=3\" \/><a href=\"https:\/\/cantosdelcamino.com\/wp-content\/uploads\/2020\/05\/Yo-soy-la-luz-del-mundo.m4a\">https:\/\/cantosdelcamino.com\/wp-content\/uploads\/2020\/05\/Yo-soy-la-luz-del-mundo.m4a<\/a><\/audio>\n<p><span style=\"color: #0000ff;\">Yo tengo una corona\u00a0 389<\/span><\/p>\n<audio class=\"wp-audio-shortcode\" id=\"audio-644-4\" preload=\"none\" style=\"width: 100%;\" controls=\"controls\"><source type=\"audio\/mpeg\" src=\"https:\/\/cantosdelcamino.com\/wp-content\/uploads\/2020\/05\/Yo-tengo-una-corona.m4a?_=4\" \/><a href=\"https:\/\/cantosdelcamino.com\/wp-content\/uploads\/2020\/05\/Yo-tengo-una-corona.m4a\">https:\/\/cantosdelcamino.com\/wp-content\/uploads\/2020\/05\/Yo-tengo-una-corona.m4a<\/a><\/audio>\n<p><span style=\"color: #0000ff;\">Yo vivo, Se\u00f1or\u00a0 390<\/span><\/p>\n<audio class=\"wp-audio-shortcode\" id=\"audio-644-5\" preload=\"none\" style=\"width: 100%;\" controls=\"controls\"><source type=\"audio\/mpeg\" src=\"https:\/\/cantosdelcamino.com\/wp-content\/uploads\/2020\/06\/Yo-vivo-Sen\u0303or.m4a?_=5\" \/><a href=\"https:\/\/cantosdelcamino.com\/wp-content\/uploads\/2020\/06\/Yo-vivo-Sen\u0303or.m4a\">https:\/\/cantosdelcamino.com\/wp-content\/uploads\/2020\/06\/Yo-vivo-Sen\u0303or.m4a<\/a><\/audio>\n<div class=\"pvc_clear\"><\/div>\n<p id=\"pvc_stats_644\" class=\"pvc_stats all  \" data-element-id=\"644\" style=\"\"><i class=\"pvc-stats-icon medium\" aria-hidden=\"true\"><svg aria-hidden=\"true\" focusable=\"false\" data-prefix=\"far\" data-icon=\"chart-bar\" role=\"img\" xmlns=\"http:\/\/www.w3.org\/2000\/svg\" viewBox=\"0 0 512 512\" class=\"svg-inline--fa fa-chart-bar fa-w-16 fa-2x\"><path fill=\"currentColor\" d=\"M396.8 352h22.4c6.4 0 12.8-6.4 12.8-12.8V108.8c0-6.4-6.4-12.8-12.8-12.8h-22.4c-6.4 0-12.8 6.4-12.8 12.8v230.4c0 6.4 6.4 12.8 12.8 12.8zm-192 0h22.4c6.4 0 12.8-6.4 12.8-12.8V140.8c0-6.4-6.4-12.8-12.8-12.8h-22.4c-6.4 0-12.8 6.4-12.8 12.8v198.4c0 6.4 6.4 12.8 12.8 12.8zm96 0h22.4c6.4 0 12.8-6.4 12.8-12.8V204.8c0-6.4-6.4-12.8-12.8-12.8h-22.4c-6.4 0-12.8 6.4-12.8 12.8v134.4c0 6.4 6.4 12.8 12.8 12.8zM496 400H48V80c0-8.84-7.16-16-16-16H16C7.16 64 0 71.16 0 80v336c0 17.67 14.33 32 32 32h464c8.84 0 16-7.16 16-16v-16c0-8.84-7.16-16-16-16zm-387.2-48h22.4c6.4 0 12.8-6.4 12.8-12.8v-70.4c0-6.4-6.4-12.8-12.8-12.8h-22.4c-6.4 0-12.8 6.4-12.8 12.8v70.4c0 6.4 6.4 12.8 12.8 12.8z\" class=\"\"><\/path><\/svg><\/i> <img loading=\"lazy\" decoding=\"async\" width=\"16\" height=\"16\" alt=\"Loading\" src=\"https:\/\/cantosdelcamino.com\/wp-content\/plugins\/page-views-count\/ajax-loader-2x.gif\" border=0 \/><\/p>\n<div class=\"pvc_clear\"><\/div>\n","protected":false},"excerpt":{"rendered":"<p>Y t\u00fa, Bel\u00e9n\u00a0 96 Yo amo a Jesucristo\u00a0 92 Yo s\u00e9 a qui\u00e9n he cre\u00eddo\u00a0 392 &nbsp; Yo soy la luz del mundo\u00a0 417 Yo tengo una corona\u00a0 389 Yo vivo, Se\u00f1or\u00a0 390<\/p>\n<div class=\"pvc_clear\"><\/div>\n<p id=\"pvc_stats_644\" class=\"pvc_stats all  \" data-element-id=\"644\" style=\"\"><i class=\"pvc-stats-icon medium\" aria-hidden=\"true\"><svg aria-hidden=\"true\" focusable=\"false\" data-prefix=\"far\" data-icon=\"chart-bar\" role=\"img\" xmlns=\"http:\/\/www.w3.org\/2000\/svg\" viewBox=\"0 0 512 512\" class=\"svg-inline--fa fa-chart-bar fa-w-16 fa-2x\"><path fill=\"currentColor\" d=\"M396.8 352h22.4c6.4 0 12.8-6.4 12.8-12.8V108.8c0-6.4-6.4-12.8-12.8-12.8h-22.4c-6.4 0-12.8 6.4-12.8 12.8v230.4c0 6.4 6.4 12.8 12.8 12.8zm-192 0h22.4c6.4 0 12.8-6.4 12.8-12.8V140.8c0-6.4-6.4-12.8-12.8-12.8h-22.4c-6.4 0-12.8 6.4-12.8 12.8v198.4c0 6.4 6.4 12.8 12.8 12.8zm96 0h22.4c6.4 0 12.8-6.4 12.8-12.8V204.8c0-6.4-6.4-12.8-12.8-12.8h-22.4c-6.4 0-12.8 6.4-12.8 12.8v134.4c0 6.4 6.4 12.8 12.8 12.8zM496 400H48V80c0-8.84-7.16-16-16-16H16C7.16 64 0 71.16 0 80v336c0 17.67 14.33 32 32 32h464c8.84 0 16-7.16 16-16v-16c0-8.84-7.16-16-16-16zm-387.2-48h22.4c6.4 0 12.8-6.4 12.8-12.8v-70.4c0-6.4-6.4-12.8-12.8-12.8h-22.4c-6.4 0-12.8 6.4-12.8 12.8v70.4c0 6.4 6.4 12.8 12.8 12.8z\" class=\"\"><\/path><\/svg><\/i> <img loading=\"lazy\" decoding=\"async\" width=\"16\" height=\"16\" alt=\"Loading\" src=\"https:\/\/cantosdelcamino.com\/wp-content\/plugins\/page-views-count\/ajax-loader-2x.gif\" border=0 \/><\/p>\n<div class=\"pvc_clear\"><\/div>\n","protected":false},"author":1,"featured_media":0,"parent":600,"menu_order":0,"comment_status":"closed","ping_status":"closed","template":"","meta":{"footnotes":""},"class_list":["post-644","page","type-page","status-publish","hentry","post"],"a3_pvc":{"activated":true,"total_views":2642,"today_views":0},"_links":{"self":[{"href":"https:\/\/cantosdelcamino.com\/index.php?rest_route=\/wp\/v2\/pages\/644","targetHints":{"allow":["GET"]}}],"collection":[{"href":"https:\/\/cantosdelcamino.com\/index.php?rest_route=\/wp\/v2\/pages"}],"about":[{"href":"https:\/\/cantosdelcamino.com\/index.php?rest_route=\/wp\/v2\/types\/page"}],"author":[{"embeddable":true,"href":"https:\/\/cantosdelcamino.com\/index.php?rest_route=\/wp\/v2\/users\/1"}],"replies":[{"embeddable":true,"href":"https:\/\/cantosdelcamino.com\/index.php?rest_route=%2Fwp%2Fv2%2Fcomments&post=644"}],"version-history":[{"count":8,"href":"https:\/\/cantosdelcamino.com\/index.php?rest_route=\/wp\/v2\/pages\/644\/revisions"}],"predecessor-version":[{"id":1574,"href":"https:\/\/cantosdelcamino.com\/index.php?rest_route=\/wp\/v2\/pages\/644\/revisions\/1574"}],"up":[{"embeddable":true,"href":"https:\/\/cantosdelcamino.com\/index.php?rest_route=\/wp\/v2\/pages\/600"}],"wp:attachment":[{"href":"https:\/\/cantosdelcamino.com\/index.php?rest_route=%2Fwp%2Fv2%2Fmedia&parent=644"}],"curies":[{"name":"wp","href":"https:\/\/api.w.org\/{rel}","templated":true}]}}