{"id":628,"date":"2019-08-26T20:15:13","date_gmt":"2019-08-26T20:15:13","guid":{"rendered":"http:\/\/cantosdelcamino.com\/?page_id=628"},"modified":"2020-06-13T05:14:12","modified_gmt":"2020-06-13T05:14:12","slug":"o","status":"publish","type":"page","link":"https:\/\/cantosdelcamino.com\/?page_id=628","title":{"rendered":"O"},"content":{"rendered":"<p><span style=\"color: #0000ff;\">Objeto de mi fe\u00a0 231<\/span><\/p>\n<audio class=\"wp-audio-shortcode\" id=\"audio-628-1\" preload=\"none\" style=\"width: 100%;\" controls=\"controls\"><source type=\"audio\/mpeg\" src=\"https:\/\/cantosdelcamino.com\/wp-content\/uploads\/2019\/08\/Q231Objetodemife.mp3?_=1\" \/><a href=\"https:\/\/cantosdelcamino.com\/wp-content\/uploads\/2019\/08\/Q231Objetodemife.mp3\">https:\/\/cantosdelcamino.com\/wp-content\/uploads\/2019\/08\/Q231Objetodemife.mp3<\/a><\/audio>\n<p><span style=\"color: #0000ff;\">Oh aldehuela\u00a0 360<\/span><\/p>\n<audio class=\"wp-audio-shortcode\" id=\"audio-628-2\" preload=\"none\" style=\"width: 100%;\" controls=\"controls\"><source type=\"audio\/mpeg\" src=\"https:\/\/cantosdelcamino.com\/wp-content\/uploads\/2019\/08\/Q360OhaldehueladeBelen.mp3?_=2\" \/><a href=\"https:\/\/cantosdelcamino.com\/wp-content\/uploads\/2019\/08\/Q360OhaldehueladeBelen.mp3\">https:\/\/cantosdelcamino.com\/wp-content\/uploads\/2019\/08\/Q360OhaldehueladeBelen.mp3<\/a><\/audio>\n<p><span style=\"color: #0000ff;\">Oh amor que excede a todos\u00a0 228 (misma melod\u00eda y armon\u00eda que Dicha Grande es la del hombre)<\/span><\/p>\n<audio class=\"wp-audio-shortcode\" id=\"audio-628-3\" preload=\"none\" style=\"width: 100%;\" controls=\"controls\"><source type=\"audio\/mpeg\" src=\"https:\/\/cantosdelcamino.com\/wp-content\/uploads\/2020\/06\/Dicha-grande-es-la-del-hombre.m4a?_=3\" \/><a href=\"https:\/\/cantosdelcamino.com\/wp-content\/uploads\/2020\/06\/Dicha-grande-es-la-del-hombre.m4a\">https:\/\/cantosdelcamino.com\/wp-content\/uploads\/2020\/06\/Dicha-grande-es-la-del-hombre.m4a<\/a><\/audio>\n<p><span style=\"color: #0000ff;\">Oh amor que no me dejar\u00e1\u00a0 116<\/span><\/p>\n<audio class=\"wp-audio-shortcode\" id=\"audio-628-4\" preload=\"none\" style=\"width: 100%;\" controls=\"controls\"><source type=\"audio\/mpeg\" src=\"https:\/\/cantosdelcamino.com\/wp-content\/uploads\/2019\/08\/Q116Ohamorquenomedejaras.mp3?_=4\" \/><a href=\"https:\/\/cantosdelcamino.com\/wp-content\/uploads\/2019\/08\/Q116Ohamorquenomedejaras.mp3\">https:\/\/cantosdelcamino.com\/wp-content\/uploads\/2019\/08\/Q116Ohamorquenomedejaras.mp3<\/a><\/audio>\n<p><span style=\"color: #0000ff;\">Oh Cristo de infinito amor\u00a0 299<\/span><\/p>\n<audio class=\"wp-audio-shortcode\" id=\"audio-628-5\" preload=\"none\" style=\"width: 100%;\" controls=\"controls\"><source type=\"audio\/mpeg\" src=\"https:\/\/cantosdelcamino.com\/wp-content\/uploads\/2019\/08\/Q299OhCristodeinfinitoamor.mp3?_=5\" \/><a href=\"https:\/\/cantosdelcamino.com\/wp-content\/uploads\/2019\/08\/Q299OhCristodeinfinitoamor.mp3\">https:\/\/cantosdelcamino.com\/wp-content\/uploads\/2019\/08\/Q299OhCristodeinfinitoamor.mp3<\/a><\/audio>\n<p><span style=\"color: #0000ff;\">Oh Cristo tu ayuda quisiera tener\u00a0 271<\/span><\/p>\n<audio class=\"wp-audio-shortcode\" id=\"audio-628-6\" preload=\"none\" style=\"width: 100%;\" controls=\"controls\"><source type=\"audio\/mpeg\" src=\"https:\/\/cantosdelcamino.com\/wp-content\/uploads\/2019\/08\/Q271OhCristotuayudaquisieratener.mp3?_=6\" \/><a href=\"https:\/\/cantosdelcamino.com\/wp-content\/uploads\/2019\/08\/Q271OhCristotuayudaquisieratener.mp3\">https:\/\/cantosdelcamino.com\/wp-content\/uploads\/2019\/08\/Q271OhCristotuayudaquisieratener.mp3<\/a><\/audio>\n<p><span style=\"color: #0000ff;\">Oh cu\u00e1n dulce es fiar en Cristo\u00a0 358<\/span><\/p>\n<audio class=\"wp-audio-shortcode\" id=\"audio-628-7\" preload=\"none\" style=\"width: 100%;\" controls=\"controls\"><source type=\"audio\/mpeg\" src=\"https:\/\/cantosdelcamino.com\/wp-content\/uploads\/2019\/08\/Q358OhcuandulceesfiarenCristo.mp3?_=7\" \/><a href=\"https:\/\/cantosdelcamino.com\/wp-content\/uploads\/2019\/08\/Q358OhcuandulceesfiarenCristo.mp3\">https:\/\/cantosdelcamino.com\/wp-content\/uploads\/2019\/08\/Q358OhcuandulceesfiarenCristo.mp3<\/a><\/audio>\n<p><span style=\"color: #0000ff;\">Oh cu\u00e1nto le amo\u00a0 126<\/span><\/p>\n<audio class=\"wp-audio-shortcode\" id=\"audio-628-8\" preload=\"none\" style=\"width: 100%;\" controls=\"controls\"><source type=\"audio\/mpeg\" src=\"https:\/\/cantosdelcamino.com\/wp-content\/uploads\/2019\/08\/Q126Ohcuantoleamo.mp3?_=8\" \/><a href=\"https:\/\/cantosdelcamino.com\/wp-content\/uploads\/2019\/08\/Q126Ohcuantoleamo.mp3\">https:\/\/cantosdelcamino.com\/wp-content\/uploads\/2019\/08\/Q126Ohcuantoleamo.mp3<\/a><\/audio>\n<p><span style=\"color: #0000ff;\">Oh cumple tu ministerio\u00a0 301<\/span><\/p>\n<audio class=\"wp-audio-shortcode\" id=\"audio-628-9\" preload=\"none\" style=\"width: 100%;\" controls=\"controls\"><source type=\"audio\/mpeg\" src=\"https:\/\/cantosdelcamino.com\/wp-content\/uploads\/2019\/08\/Q301Ohcumpletuministerio.mp3?_=9\" \/><a href=\"https:\/\/cantosdelcamino.com\/wp-content\/uploads\/2019\/08\/Q301Ohcumpletuministerio.mp3\">https:\/\/cantosdelcamino.com\/wp-content\/uploads\/2019\/08\/Q301Ohcumpletuministerio.mp3<\/a><\/audio>\n<p><span style=\"color: #0000ff;\">Oh Dios eterno\u00a0 174<\/span><\/p>\n<audio class=\"wp-audio-shortcode\" id=\"audio-628-10\" preload=\"none\" style=\"width: 100%;\" controls=\"controls\"><source type=\"audio\/mpeg\" src=\"https:\/\/cantosdelcamino.com\/wp-content\/uploads\/2019\/08\/Q174OhDioseterno.mp3?_=10\" \/><a href=\"https:\/\/cantosdelcamino.com\/wp-content\/uploads\/2019\/08\/Q174OhDioseterno.mp3\">https:\/\/cantosdelcamino.com\/wp-content\/uploads\/2019\/08\/Q174OhDioseterno.mp3<\/a><\/audio>\n<p><span style=\"color: #0000ff;\">Oh Dios, rev\u00e9lame tu voluntad\u00a0 227<\/span><\/p>\n<audio class=\"wp-audio-shortcode\" id=\"audio-628-11\" preload=\"none\" style=\"width: 100%;\" controls=\"controls\"><source type=\"audio\/mpeg\" src=\"https:\/\/cantosdelcamino.com\/wp-content\/uploads\/2019\/08\/Q227OhDiosrevelametuvoluntad.mp3?_=11\" \/><a href=\"https:\/\/cantosdelcamino.com\/wp-content\/uploads\/2019\/08\/Q227OhDiosrevelametuvoluntad.mp3\">https:\/\/cantosdelcamino.com\/wp-content\/uploads\/2019\/08\/Q227OhDiosrevelametuvoluntad.mp3<\/a><\/audio>\n<p><span style=\"color: #0000ff;\">Oh Dios s\u00e9 T\u00fa mi visi\u00f3n\u00a0 272<\/span><\/p>\n<audio class=\"wp-audio-shortcode\" id=\"audio-628-12\" preload=\"none\" style=\"width: 100%;\" controls=\"controls\"><source type=\"audio\/mpeg\" src=\"https:\/\/cantosdelcamino.com\/wp-content\/uploads\/2019\/08\/Q272OhDiossemivision.mp3?_=12\" \/><a href=\"https:\/\/cantosdelcamino.com\/wp-content\/uploads\/2019\/08\/Q272OhDiossemivision.mp3\">https:\/\/cantosdelcamino.com\/wp-content\/uploads\/2019\/08\/Q272OhDiossemivision.mp3<\/a><\/audio>\n<p><span style=\"color: #0000ff;\">Oh Dios, T\u00fa eres\u00a0 409<\/span><\/p>\n<audio class=\"wp-audio-shortcode\" id=\"audio-628-13\" preload=\"none\" style=\"width: 100%;\" controls=\"controls\"><source type=\"audio\/mpeg\" src=\"https:\/\/cantosdelcamino.com\/wp-content\/uploads\/2019\/08\/Q409OhDiostueres-1.mp3?_=13\" \/><a href=\"https:\/\/cantosdelcamino.com\/wp-content\/uploads\/2019\/08\/Q409OhDiostueres-1.mp3\">https:\/\/cantosdelcamino.com\/wp-content\/uploads\/2019\/08\/Q409OhDiostueres-1.mp3<\/a><\/audio>\n<p><span style=\"color: #0000ff;\">Oh h\u00e1blame Se\u00f1or\u00a0 371<\/span><\/p>\n<audio class=\"wp-audio-shortcode\" id=\"audio-628-14\" preload=\"none\" style=\"width: 100%;\" controls=\"controls\"><source type=\"audio\/mpeg\" src=\"https:\/\/cantosdelcamino.com\/wp-content\/uploads\/2020\/06\/Oh-hablame.m4a?_=14\" \/><a href=\"https:\/\/cantosdelcamino.com\/wp-content\/uploads\/2020\/06\/Oh-hablame.m4a\">https:\/\/cantosdelcamino.com\/wp-content\/uploads\/2020\/06\/Oh-hablame.m4a<\/a><\/audio>\n<p><span style=\"color: #0000ff;\">Oh ni\u00f1os venid\u00a0 384<\/span><\/p>\n<p>&nbsp;<\/p>\n<p><span style=\"color: #0000ff;\">Oh nuestro Padre ahora\u00a0 308<\/span><\/p>\n<audio class=\"wp-audio-shortcode\" id=\"audio-628-15\" preload=\"none\" style=\"width: 100%;\" controls=\"controls\"><source type=\"audio\/mpeg\" src=\"https:\/\/cantosdelcamino.com\/wp-content\/uploads\/2019\/08\/Q308OhnuestroPadreahora.mp3?_=15\" \/><a href=\"https:\/\/cantosdelcamino.com\/wp-content\/uploads\/2019\/08\/Q308OhnuestroPadreahora.mp3\">https:\/\/cantosdelcamino.com\/wp-content\/uploads\/2019\/08\/Q308OhnuestroPadreahora.mp3<\/a><\/audio>\n<p><span style=\"color: #0000ff;\">Oh Padre de la humanidad\u00a0 223<\/span><\/p>\n<audio class=\"wp-audio-shortcode\" id=\"audio-628-16\" preload=\"none\" style=\"width: 100%;\" controls=\"controls\"><source type=\"audio\/mpeg\" src=\"https:\/\/cantosdelcamino.com\/wp-content\/uploads\/2019\/08\/Q223OhPadredelahumanidad.mp3?_=16\" \/><a href=\"https:\/\/cantosdelcamino.com\/wp-content\/uploads\/2019\/08\/Q223OhPadredelahumanidad.mp3\">https:\/\/cantosdelcamino.com\/wp-content\/uploads\/2019\/08\/Q223OhPadredelahumanidad.mp3<\/a><\/audio>\n<p><span style=\"color: #0000ff;\">\u00a1Oh, qu\u00e9 amigo nos es Cristo!\u00a0 273<\/span><\/p>\n<audio class=\"wp-audio-shortcode\" id=\"audio-628-17\" preload=\"none\" style=\"width: 100%;\" controls=\"controls\"><source type=\"audio\/mpeg\" src=\"https:\/\/cantosdelcamino.com\/wp-content\/uploads\/2019\/08\/Q273OhqueamigonosesCristo.mp3?_=17\" \/><a href=\"https:\/\/cantosdelcamino.com\/wp-content\/uploads\/2019\/08\/Q273OhqueamigonosesCristo.mp3\">https:\/\/cantosdelcamino.com\/wp-content\/uploads\/2019\/08\/Q273OhqueamigonosesCristo.mp3<\/a><\/audio>\n<p><span style=\"color: #0000ff;\">Oh qu\u00e9 amor\u00a0 361<\/span><\/p>\n<audio class=\"wp-audio-shortcode\" id=\"audio-628-18\" preload=\"none\" style=\"width: 100%;\" controls=\"controls\"><source type=\"audio\/mpeg\" src=\"https:\/\/cantosdelcamino.com\/wp-content\/uploads\/2019\/08\/Q361Ohqueinmensoamor.mp3?_=18\" \/><a href=\"https:\/\/cantosdelcamino.com\/wp-content\/uploads\/2019\/08\/Q361Ohqueinmensoamor.mp3\">https:\/\/cantosdelcamino.com\/wp-content\/uploads\/2019\/08\/Q361Ohqueinmensoamor.mp3<\/a><\/audio>\n<p><span style=\"color: #0000ff;\">Oh Rostro ensangrentado\u00a0 122<\/span><\/p>\n<audio class=\"wp-audio-shortcode\" id=\"audio-628-19\" preload=\"none\" style=\"width: 100%;\" controls=\"controls\"><source type=\"audio\/mpeg\" src=\"https:\/\/cantosdelcamino.com\/wp-content\/uploads\/2019\/08\/Q122Ohrostroensangrentado.mp3?_=19\" \/><a href=\"https:\/\/cantosdelcamino.com\/wp-content\/uploads\/2019\/08\/Q122Ohrostroensangrentado.mp3\">https:\/\/cantosdelcamino.com\/wp-content\/uploads\/2019\/08\/Q122Ohrostroensangrentado.mp3<\/a><\/audio>\n<p><span style=\"color: #0000ff;\">Oh ven bendito Emanuel\u00a0 101<\/span><\/p>\n<audio class=\"wp-audio-shortcode\" id=\"audio-628-20\" preload=\"none\" style=\"width: 100%;\" controls=\"controls\"><source type=\"audio\/mpeg\" src=\"https:\/\/cantosdelcamino.com\/wp-content\/uploads\/2019\/08\/Q101OhvenbenditoEmanuel.mp3?_=20\" \/><a href=\"https:\/\/cantosdelcamino.com\/wp-content\/uploads\/2019\/08\/Q101OhvenbenditoEmanuel.mp3\">https:\/\/cantosdelcamino.com\/wp-content\/uploads\/2019\/08\/Q101OhvenbenditoEmanuel.mp3<\/a><\/audio>\n<p><span style=\"color: #0000ff;\">Oh ven sin tardar\u00a0 364<\/span><\/p>\n<audio class=\"wp-audio-shortcode\" id=\"audio-628-21\" preload=\"none\" style=\"width: 100%;\" controls=\"controls\"><source type=\"audio\/mpeg\" src=\"https:\/\/cantosdelcamino.com\/wp-content\/uploads\/2019\/08\/Q364Ohvensintardar.mp3?_=21\" \/><a href=\"https:\/\/cantosdelcamino.com\/wp-content\/uploads\/2019\/08\/Q364Ohvensintardar.mp3\">https:\/\/cantosdelcamino.com\/wp-content\/uploads\/2019\/08\/Q364Ohvensintardar.mp3<\/a><\/audio>\n<p><span style=\"color: #0000ff;\">O\u00edd un son en alta esfera\u00a0 99<\/span><\/p>\n<audio class=\"wp-audio-shortcode\" id=\"audio-628-22\" preload=\"none\" style=\"width: 100%;\" controls=\"controls\"><source type=\"audio\/mpeg\" src=\"https:\/\/cantosdelcamino.com\/wp-content\/uploads\/2019\/08\/Q99Oidunsonenaltaesfera.mp3?_=22\" \/><a href=\"https:\/\/cantosdelcamino.com\/wp-content\/uploads\/2019\/08\/Q99Oidunsonenaltaesfera.mp3\">https:\/\/cantosdelcamino.com\/wp-content\/uploads\/2019\/08\/Q99Oidunsonenaltaesfera.mp3<\/a><\/audio>\n<p><span style=\"color: #0000ff;\">Omnipotente Padre Dios\u00a0 275<\/span><\/p>\n<audio class=\"wp-audio-shortcode\" id=\"audio-628-23\" preload=\"none\" style=\"width: 100%;\" controls=\"controls\"><source type=\"audio\/mpeg\" src=\"https:\/\/cantosdelcamino.com\/wp-content\/uploads\/2019\/08\/Q275OmnipotentePadreDios.mp3?_=23\" \/><a href=\"https:\/\/cantosdelcamino.com\/wp-content\/uploads\/2019\/08\/Q275OmnipotentePadreDios.mp3\">https:\/\/cantosdelcamino.com\/wp-content\/uploads\/2019\/08\/Q275OmnipotentePadreDios.mp3<\/a><\/audio>\n<p><span style=\"color: #0000ff;\">Oriente ni occidente\u00a0 303<\/span><\/p>\n<audio class=\"wp-audio-shortcode\" id=\"audio-628-24\" preload=\"none\" style=\"width: 100%;\" controls=\"controls\"><source type=\"audio\/mpeg\" src=\"https:\/\/cantosdelcamino.com\/wp-content\/uploads\/2019\/08\/Q303Orientenioccidente.mp3?_=24\" \/><a href=\"https:\/\/cantosdelcamino.com\/wp-content\/uploads\/2019\/08\/Q303Orientenioccidente.mp3\">https:\/\/cantosdelcamino.com\/wp-content\/uploads\/2019\/08\/Q303Orientenioccidente.mp3<\/a><\/audio>\n<p><span style=\"color: #0000ff;\">Oye Israel\u00a0 410<\/span><\/p>\n<audio class=\"wp-audio-shortcode\" id=\"audio-628-25\" preload=\"none\" style=\"width: 100%;\" controls=\"controls\"><source type=\"audio\/mpeg\" src=\"https:\/\/cantosdelcamino.com\/wp-content\/uploads\/2020\/05\/Oye-Israel.m4a?_=25\" \/><a href=\"https:\/\/cantosdelcamino.com\/wp-content\/uploads\/2020\/05\/Oye-Israel.m4a\">https:\/\/cantosdelcamino.com\/wp-content\/uploads\/2020\/05\/Oye-Israel.m4a<\/a><\/audio>\n<p>&nbsp;<\/p>\n<div class=\"pvc_clear\"><\/div>\n<p id=\"pvc_stats_628\" class=\"pvc_stats all  \" data-element-id=\"628\" style=\"\"><i class=\"pvc-stats-icon medium\" aria-hidden=\"true\"><svg aria-hidden=\"true\" focusable=\"false\" data-prefix=\"far\" data-icon=\"chart-bar\" role=\"img\" xmlns=\"http:\/\/www.w3.org\/2000\/svg\" viewBox=\"0 0 512 512\" class=\"svg-inline--fa fa-chart-bar fa-w-16 fa-2x\"><path fill=\"currentColor\" d=\"M396.8 352h22.4c6.4 0 12.8-6.4 12.8-12.8V108.8c0-6.4-6.4-12.8-12.8-12.8h-22.4c-6.4 0-12.8 6.4-12.8 12.8v230.4c0 6.4 6.4 12.8 12.8 12.8zm-192 0h22.4c6.4 0 12.8-6.4 12.8-12.8V140.8c0-6.4-6.4-12.8-12.8-12.8h-22.4c-6.4 0-12.8 6.4-12.8 12.8v198.4c0 6.4 6.4 12.8 12.8 12.8zm96 0h22.4c6.4 0 12.8-6.4 12.8-12.8V204.8c0-6.4-6.4-12.8-12.8-12.8h-22.4c-6.4 0-12.8 6.4-12.8 12.8v134.4c0 6.4 6.4 12.8 12.8 12.8zM496 400H48V80c0-8.84-7.16-16-16-16H16C7.16 64 0 71.16 0 80v336c0 17.67 14.33 32 32 32h464c8.84 0 16-7.16 16-16v-16c0-8.84-7.16-16-16-16zm-387.2-48h22.4c6.4 0 12.8-6.4 12.8-12.8v-70.4c0-6.4-6.4-12.8-12.8-12.8h-22.4c-6.4 0-12.8 6.4-12.8 12.8v70.4c0 6.4 6.4 12.8 12.8 12.8z\" class=\"\"><\/path><\/svg><\/i> <img loading=\"lazy\" decoding=\"async\" width=\"16\" height=\"16\" alt=\"Loading\" src=\"https:\/\/cantosdelcamino.com\/wp-content\/plugins\/page-views-count\/ajax-loader-2x.gif\" border=0 \/><\/p>\n<div class=\"pvc_clear\"><\/div>\n","protected":false},"excerpt":{"rendered":"<p>Objeto de mi fe\u00a0 231 Oh aldehuela\u00a0 360 Oh amor que excede a todos\u00a0 228 (misma melod\u00eda y armon\u00eda que Dicha Grande es la del hombre) Oh amor que no me dejar\u00e1\u00a0 116 Oh Cristo de infinito amor\u00a0 299 Oh Cristo tu ayuda quisiera tener\u00a0 271 Oh cu\u00e1n dulce es fiar en Cristo\u00a0 358 Oh [&hellip;]<\/p>\n<div class=\"pvc_clear\"><\/div>\n<p id=\"pvc_stats_628\" class=\"pvc_stats all  \" data-element-id=\"628\" style=\"\"><i class=\"pvc-stats-icon medium\" aria-hidden=\"true\"><svg aria-hidden=\"true\" focusable=\"false\" data-prefix=\"far\" data-icon=\"chart-bar\" role=\"img\" xmlns=\"http:\/\/www.w3.org\/2000\/svg\" viewBox=\"0 0 512 512\" class=\"svg-inline--fa fa-chart-bar fa-w-16 fa-2x\"><path fill=\"currentColor\" d=\"M396.8 352h22.4c6.4 0 12.8-6.4 12.8-12.8V108.8c0-6.4-6.4-12.8-12.8-12.8h-22.4c-6.4 0-12.8 6.4-12.8 12.8v230.4c0 6.4 6.4 12.8 12.8 12.8zm-192 0h22.4c6.4 0 12.8-6.4 12.8-12.8V140.8c0-6.4-6.4-12.8-12.8-12.8h-22.4c-6.4 0-12.8 6.4-12.8 12.8v198.4c0 6.4 6.4 12.8 12.8 12.8zm96 0h22.4c6.4 0 12.8-6.4 12.8-12.8V204.8c0-6.4-6.4-12.8-12.8-12.8h-22.4c-6.4 0-12.8 6.4-12.8 12.8v134.4c0 6.4 6.4 12.8 12.8 12.8zM496 400H48V80c0-8.84-7.16-16-16-16H16C7.16 64 0 71.16 0 80v336c0 17.67 14.33 32 32 32h464c8.84 0 16-7.16 16-16v-16c0-8.84-7.16-16-16-16zm-387.2-48h22.4c6.4 0 12.8-6.4 12.8-12.8v-70.4c0-6.4-6.4-12.8-12.8-12.8h-22.4c-6.4 0-12.8 6.4-12.8 12.8v70.4c0 6.4 6.4 12.8 12.8 12.8z\" class=\"\"><\/path><\/svg><\/i> <img loading=\"lazy\" decoding=\"async\" width=\"16\" height=\"16\" alt=\"Loading\" src=\"https:\/\/cantosdelcamino.com\/wp-content\/plugins\/page-views-count\/ajax-loader-2x.gif\" border=0 \/><\/p>\n<div class=\"pvc_clear\"><\/div>\n","protected":false},"author":1,"featured_media":0,"parent":600,"menu_order":0,"comment_status":"closed","ping_status":"closed","template":"","meta":{"footnotes":""},"class_list":["post-628","page","type-page","status-publish","hentry","post"],"a3_pvc":{"activated":true,"total_views":2926,"today_views":0},"_links":{"self":[{"href":"https:\/\/cantosdelcamino.com\/index.php?rest_route=\/wp\/v2\/pages\/628","targetHints":{"allow":["GET"]}}],"collection":[{"href":"https:\/\/cantosdelcamino.com\/index.php?rest_route=\/wp\/v2\/pages"}],"about":[{"href":"https:\/\/cantosdelcamino.com\/index.php?rest_route=\/wp\/v2\/types\/page"}],"author":[{"embeddable":true,"href":"https:\/\/cantosdelcamino.com\/index.php?rest_route=\/wp\/v2\/users\/1"}],"replies":[{"embeddable":true,"href":"https:\/\/cantosdelcamino.com\/index.php?rest_route=%2Fwp%2Fv2%2Fcomments&post=628"}],"version-history":[{"count":9,"href":"https:\/\/cantosdelcamino.com\/index.php?rest_route=\/wp\/v2\/pages\/628\/revisions"}],"predecessor-version":[{"id":1585,"href":"https:\/\/cantosdelcamino.com\/index.php?rest_route=\/wp\/v2\/pages\/628\/revisions\/1585"}],"up":[{"embeddable":true,"href":"https:\/\/cantosdelcamino.com\/index.php?rest_route=\/wp\/v2\/pages\/600"}],"wp:attachment":[{"href":"https:\/\/cantosdelcamino.com\/index.php?rest_route=%2Fwp%2Fv2%2Fmedia&parent=628"}],"curies":[{"name":"wp","href":"https:\/\/api.w.org\/{rel}","templated":true}]}}