{"id":600,"date":"2019-08-26T20:05:36","date_gmt":"2019-08-26T20:05:36","guid":{"rendered":"http:\/\/cantosdelcamino.com\/?page_id=600"},"modified":"2022-11-12T17:09:51","modified_gmt":"2022-11-12T17:09:51","slug":"armonias","status":"publish","type":"page","link":"https:\/\/cantosdelcamino.com\/?page_id=600","title":{"rendered":"Armon\u00edas"},"content":{"rendered":"<p><strong><span style=\"color: #008000; font-family: arial, helvetica, sans-serif;\">Para escuchar la armon\u00eda de una canci\u00f3n, haga clic primero en la letra con la cual comienza la canci\u00f3n, y luego Play en el MP3 que aparece debajo del t\u00edtulo.\u00a0 O puede ir directo al men\u00fa de Melod\u00edas, donde est\u00e1 la lista del alfabeto, para escoger la p\u00e1gina deseada.<\/span><\/strong><\/p>\n<p>&nbsp;<\/p>\n<h4><span style=\"color: #0000ff;\"><strong><span style=\"font-family: arial, helvetica, sans-serif;\"><a style=\"color: #0000ff;\" href=\"https:\/\/cantosdelcamino.com\/?page_id=602\" target=\"_blank\" rel=\"noopener\">A<\/a> \u00a0<a style=\"color: #0000ff;\" href=\"https:\/\/cantosdelcamino.com\/?page_id=604\" target=\"_blank\" rel=\"noopener\">B<\/a>\u00a0 <a style=\"color: #0000ff;\" href=\"https:\/\/cantosdelcamino.com\/?page_id=606\" target=\"_blank\" rel=\"noopener\">C<\/a>\u00a0 <a style=\"color: #0000ff;\" href=\"https:\/\/cantosdelcamino.com\/?page_id=608\" target=\"_blank\" rel=\"noopener\">D<\/a>\u00a0 <a style=\"color: #0000ff;\" href=\"https:\/\/cantosdelcamino.com\/?page_id=610\" target=\"_blank\" rel=\"noopener\">E<\/a>\u00a0 <a style=\"color: #0000ff;\" href=\"https:\/\/cantosdelcamino.com\/?page_id=612\" target=\"_blank\" rel=\"noopener\">F<\/a>\u00a0 <a style=\"color: #0000ff;\" href=\"https:\/\/cantosdelcamino.com\/?page_id=614\" target=\"_blank\" rel=\"noopener\">G<\/a>\u00a0 <a style=\"color: #0000ff;\" href=\"https:\/\/cantosdelcamino.com\/?page_id=616\" target=\"_blank\" rel=\"noopener\">H<\/a>\u00a0 <a style=\"color: #0000ff;\" href=\"https:\/\/cantosdelcamino.com\/?page_id=618\" target=\"_blank\" rel=\"noopener\">I<\/a>\u00a0 <a style=\"color: #0000ff;\" href=\"https:\/\/cantosdelcamino.com\/?page_id=620\" target=\"_blank\" rel=\"noopener\">J<\/a>\u00a0 <a style=\"color: #0000ff;\" href=\"https:\/\/cantosdelcamino.com\/?page_id=622\" target=\"_blank\" rel=\"noopener\">L<\/a>\u00a0 <a style=\"color: #0000ff;\" href=\"https:\/\/cantosdelcamino.com\/?page_id=624\" target=\"_blank\" rel=\"noopener\">M<\/a>\u00a0 <a style=\"color: #0000ff;\" href=\"https:\/\/cantosdelcamino.com\/?page_id=626\" target=\"_blank\" rel=\"noopener\">N<\/a>\u00a0 <a style=\"color: #0000ff;\" href=\"https:\/\/cantosdelcamino.com\/?page_id=628\" target=\"_blank\" rel=\"noopener\">O<\/a>\u00a0 <a style=\"color: #0000ff;\" href=\"https:\/\/cantosdelcamino.com\/?page_id=630\" target=\"_blank\" rel=\"noopener\">P<\/a> <a style=\"color: #0000ff;\" href=\"https:\/\/cantosdelcamino.com\/?page_id=632\" target=\"_blank\" rel=\"noopener\">Q<\/a>\u00a0 <a style=\"color: #0000ff;\" href=\"https:\/\/cantosdelcamino.com\/?page_id=634\" target=\"_blank\" rel=\"noopener\">R<\/a>\u00a0 <a style=\"color: #0000ff;\" href=\"https:\/\/cantosdelcamino.com\/?page_id=636\" target=\"_blank\" rel=\"noopener\">S<\/a>\u00a0 <a style=\"color: #0000ff;\" href=\"https:\/\/cantosdelcamino.com\/?page_id=638\" target=\"_blank\" rel=\"noopener\">T<\/a>\u00a0 <a style=\"color: #0000ff;\" href=\"https:\/\/cantosdelcamino.com\/?page_id=640\" target=\"_blank\" rel=\"noopener\">U<\/a>\u00a0 <a style=\"color: #0000ff;\" href=\"https:\/\/cantosdelcamino.com\/?page_id=642\" target=\"_blank\" rel=\"noopener\">V<\/a>\u00a0 <a style=\"color: #0000ff;\" href=\"https:\/\/cantosdelcamino.com\/?page_id=644\" target=\"_blank\" rel=\"noopener\">Y<\/a><\/span><\/strong><\/span><\/h4>\n<div class=\"pvc_clear\"><\/div>\n<p id=\"pvc_stats_600\" class=\"pvc_stats all  \" data-element-id=\"600\" style=\"\"><i class=\"pvc-stats-icon medium\" aria-hidden=\"true\"><svg aria-hidden=\"true\" focusable=\"false\" data-prefix=\"far\" data-icon=\"chart-bar\" role=\"img\" xmlns=\"http:\/\/www.w3.org\/2000\/svg\" viewBox=\"0 0 512 512\" class=\"svg-inline--fa fa-chart-bar fa-w-16 fa-2x\"><path fill=\"currentColor\" d=\"M396.8 352h22.4c6.4 0 12.8-6.4 12.8-12.8V108.8c0-6.4-6.4-12.8-12.8-12.8h-22.4c-6.4 0-12.8 6.4-12.8 12.8v230.4c0 6.4 6.4 12.8 12.8 12.8zm-192 0h22.4c6.4 0 12.8-6.4 12.8-12.8V140.8c0-6.4-6.4-12.8-12.8-12.8h-22.4c-6.4 0-12.8 6.4-12.8 12.8v198.4c0 6.4 6.4 12.8 12.8 12.8zm96 0h22.4c6.4 0 12.8-6.4 12.8-12.8V204.8c0-6.4-6.4-12.8-12.8-12.8h-22.4c-6.4 0-12.8 6.4-12.8 12.8v134.4c0 6.4 6.4 12.8 12.8 12.8zM496 400H48V80c0-8.84-7.16-16-16-16H16C7.16 64 0 71.16 0 80v336c0 17.67 14.33 32 32 32h464c8.84 0 16-7.16 16-16v-16c0-8.84-7.16-16-16-16zm-387.2-48h22.4c6.4 0 12.8-6.4 12.8-12.8v-70.4c0-6.4-6.4-12.8-12.8-12.8h-22.4c-6.4 0-12.8 6.4-12.8 12.8v70.4c0 6.4 6.4 12.8 12.8 12.8z\" class=\"\"><\/path><\/svg><\/i> <img loading=\"lazy\" decoding=\"async\" width=\"16\" height=\"16\" alt=\"Loading\" src=\"https:\/\/cantosdelcamino.com\/wp-content\/plugins\/page-views-count\/ajax-loader-2x.gif\" border=0 \/><\/p>\n<div class=\"pvc_clear\"><\/div>\n","protected":false},"excerpt":{"rendered":"<p>Para escuchar la armon\u00eda de una canci\u00f3n, haga clic primero en la letra con la cual comienza la canci\u00f3n, y luego Play en el MP3 que aparece debajo del t\u00edtulo.\u00a0 O puede ir directo al men\u00fa de Melod\u00edas, donde est\u00e1 la lista del alfabeto, para escoger la p\u00e1gina deseada. &nbsp; A \u00a0B\u00a0 C\u00a0 D\u00a0 E\u00a0 [&hellip;]<\/p>\n<div class=\"pvc_clear\"><\/div>\n<p id=\"pvc_stats_600\" class=\"pvc_stats all  \" data-element-id=\"600\" style=\"\"><i class=\"pvc-stats-icon medium\" aria-hidden=\"true\"><svg aria-hidden=\"true\" focusable=\"false\" data-prefix=\"far\" data-icon=\"chart-bar\" role=\"img\" xmlns=\"http:\/\/www.w3.org\/2000\/svg\" viewBox=\"0 0 512 512\" class=\"svg-inline--fa fa-chart-bar fa-w-16 fa-2x\"><path fill=\"currentColor\" d=\"M396.8 352h22.4c6.4 0 12.8-6.4 12.8-12.8V108.8c0-6.4-6.4-12.8-12.8-12.8h-22.4c-6.4 0-12.8 6.4-12.8 12.8v230.4c0 6.4 6.4 12.8 12.8 12.8zm-192 0h22.4c6.4 0 12.8-6.4 12.8-12.8V140.8c0-6.4-6.4-12.8-12.8-12.8h-22.4c-6.4 0-12.8 6.4-12.8 12.8v198.4c0 6.4 6.4 12.8 12.8 12.8zm96 0h22.4c6.4 0 12.8-6.4 12.8-12.8V204.8c0-6.4-6.4-12.8-12.8-12.8h-22.4c-6.4 0-12.8 6.4-12.8 12.8v134.4c0 6.4 6.4 12.8 12.8 12.8zM496 400H48V80c0-8.84-7.16-16-16-16H16C7.16 64 0 71.16 0 80v336c0 17.67 14.33 32 32 32h464c8.84 0 16-7.16 16-16v-16c0-8.84-7.16-16-16-16zm-387.2-48h22.4c6.4 0 12.8-6.4 12.8-12.8v-70.4c0-6.4-6.4-12.8-12.8-12.8h-22.4c-6.4 0-12.8 6.4-12.8 12.8v70.4c0 6.4 6.4 12.8 12.8 12.8z\" class=\"\"><\/path><\/svg><\/i> <img loading=\"lazy\" decoding=\"async\" width=\"16\" height=\"16\" alt=\"Loading\" src=\"https:\/\/cantosdelcamino.com\/wp-content\/plugins\/page-views-count\/ajax-loader-2x.gif\" border=0 \/><\/p>\n<div class=\"pvc_clear\"><\/div>\n","protected":false},"author":1,"featured_media":0,"parent":0,"menu_order":0,"comment_status":"closed","ping_status":"closed","template":"","meta":{"footnotes":""},"class_list":["post-600","page","type-page","status-publish","hentry","post"],"a3_pvc":{"activated":true,"total_views":17392,"today_views":4},"_links":{"self":[{"href":"https:\/\/cantosdelcamino.com\/index.php?rest_route=\/wp\/v2\/pages\/600","targetHints":{"allow":["GET"]}}],"collection":[{"href":"https:\/\/cantosdelcamino.com\/index.php?rest_route=\/wp\/v2\/pages"}],"about":[{"href":"https:\/\/cantosdelcamino.com\/index.php?rest_route=\/wp\/v2\/types\/page"}],"author":[{"embeddable":true,"href":"https:\/\/cantosdelcamino.com\/index.php?rest_route=\/wp\/v2\/users\/1"}],"replies":[{"embeddable":true,"href":"https:\/\/cantosdelcamino.com\/index.php?rest_route=%2Fwp%2Fv2%2Fcomments&post=600"}],"version-history":[{"count":32,"href":"https:\/\/cantosdelcamino.com\/index.php?rest_route=\/wp\/v2\/pages\/600\/revisions"}],"predecessor-version":[{"id":1712,"href":"https:\/\/cantosdelcamino.com\/index.php?rest_route=\/wp\/v2\/pages\/600\/revisions\/1712"}],"wp:attachment":[{"href":"https:\/\/cantosdelcamino.com\/index.php?rest_route=%2Fwp%2Fv2%2Fmedia&parent=600"}],"curies":[{"name":"wp","href":"https:\/\/api.w.org\/{rel}","templated":true}]}}