{"id":4,"date":"2019-08-25T23:55:16","date_gmt":"2019-08-25T23:55:16","guid":{"rendered":"http:\/\/cantosdelcamino.com\/welcome-to-http-cantosdelcamino-com"},"modified":"2019-08-31T04:58:26","modified_gmt":"2019-08-31T04:58:26","slug":"welcome-to-http-cantosdelcamino-com","status":"publish","type":"page","link":"https:\/\/cantosdelcamino.com\/","title":{"rendered":"Inicio"},"content":{"rendered":"\r\n<p style=\"text-align: center;\"><img loading=\"lazy\" decoding=\"async\" class=\"size-medium wp-image-6 alignright\" src=\"https:\/\/cantosdelcamino.com\/wp-content\/uploads\/2019\/08\/Cantos-del-Camino-pic-196x300.jpg\" alt=\"\" width=\"196\" height=\"300\" srcset=\"https:\/\/cantosdelcamino.com\/wp-content\/uploads\/2019\/08\/Cantos-del-Camino-pic-196x300.jpg 196w, https:\/\/cantosdelcamino.com\/wp-content\/uploads\/2019\/08\/Cantos-del-Camino-pic.jpg 457w\" sizes=\"auto, (max-width: 196px) 100vw, 196px\" \/><\/p>\r\n<p>\u00a1Bienvenidos al sitio del himnario Cantos del Camino!\u00a0 Esperamos que encuentre muchos recursos aqu\u00ed que les ayude a alabar a Dios.<\/p>\r\n<p>En el sitio tendremos archivos MP3 que les ense\u00f1an las melod\u00edas y las armon\u00edas de los cantos.\u00a0 Adem\u00e1s, tendremos grabaciones de unos cuantos cantos de coros, arreglos de himnos, nuevos himnos escritos por varios hermanos y hermanas de la iglesia, ense\u00f1anza acerca de la teor\u00eda de m\u00fasica, y ense\u00f1anza acerca de lo que la Biblia ense\u00f1a sobre la alabanza y la adoraci\u00f3n.\u00a0<\/p>\r\n<p>&nbsp;<\/p>\r\n\r\n\r\n\r\n<blockquote class=\"wp-block-quote\">\r\n<p>En el himnario encontrar\u00e1:<\/p>\r\n<ul>\r\n<li>Cantos cl\u00e1sicos (como Jes\u00fas es mi Rey soberano, Cu\u00e1n grande es \u00c9l)<\/li>\r\n<li>Cantos nuevos de alabanza y adoraci\u00f3n (como En Momentos As\u00ed, Seas Exaltado)<\/li>\r\n<li>Cantos con ritmo, melod\u00eda, y armon\u00eda de Am\u00e9rica Latina (como Tierra de la Palestina y Las Primicias del D\u00eda)<\/li>\r\n<li>Cantos originales de miembros de la iglesia (como Sigue el Camino, Digno es el Cordero)<\/li>\r\n<li>Cantos para grupos, o de canon, y de otro estilo.<\/li>\r\n<\/ul>\r\n<p>&nbsp;<\/p>\r\n<p>Estos \u00edndices les facilitan el uso del himnario:<\/p>\r\n<p><span style=\"color: #0000ff;\"><a style=\"color: #0000ff;\" href=\"https:\/\/cantosdelcamino.com\/wp-content\/uploads\/2019\/08\/Indice-alfabetico-de-titulos-y-primeras-lineas.pdf\">Indice alfab\u00e9tico de t\u00edtulos y primeras l\u00edneas<\/a><\/span><\/p>\r\n<p><span style=\"color: #0000ff;\"><a style=\"color: #0000ff;\" href=\"https:\/\/cantosdelcamino.com\/wp-content\/uploads\/2019\/08\/Indice-biblico.pdf\">Indice b\u00edblico<\/a><\/span><\/p>\r\n<p><span style=\"color: #0000ff;\"><a style=\"color: #0000ff;\" href=\"https:\/\/cantosdelcamino.com\/wp-content\/uploads\/2019\/08\/Indice-de-temas.pdf\">Indice de temas<\/a><\/span><\/p>\r\n<p><span style=\"color: #0000ff;\"><a style=\"color: #0000ff;\" href=\"https:\/\/cantosdelcamino.com\/wp-content\/uploads\/2019\/08\/Indice-de-titulos-espanol-a-ingles.pdf\">Indice de t\u00edtulos&#8211;espa\u00f1ol a ingl\u00e9s<\/a><\/span><\/p>\r\n<p><span style=\"color: #0000ff;\"><a style=\"color: #0000ff;\" href=\"https:\/\/cantosdelcamino.com\/wp-content\/uploads\/2019\/08\/Indice-de-titulos-ingles-a-espanol.pdf\">Indice de t\u00edtulos&#8211;ingl\u00e9s a espa\u00f1ol<\/a><\/span><\/p>\r\n<p>&nbsp;<\/p>\r\n<p>Y referencias b\u00edblicas con cada canto<\/p>\r\n<p>&nbsp;<\/p>\r\n<\/blockquote>\r\n\r\n\r\n\r\n<blockquote class=\"wp-block-quote is-layout-flow wp-block-quote-is-layout-flow\">\r\n<p>Escuche y aprenda las melod\u00edas y armon\u00edas de los cantos que no conoce, yendo a las p\u00e1ginas para las melod\u00edas y las armon\u00edas.<\/p>\r\n<p>&nbsp;<\/p>\r\n<p>Para ver las partituras de los cantos nuevos de la segunda edici\u00f3n (que todav\u00eda no sale), vaya a la p\u00e1gina de Melod\u00edas y haga clic en la palabra &#8220;Partitura&#8221; que est\u00e1 al lado del t\u00edtulo de cada canto nuevo. (Estos archivos abren en el programa (Microsoft Word).<\/p>\r\n<\/blockquote>\r\n\r\n\r\n\r\n<p>&nbsp;<\/p>\r\n<div class=\"pvc_clear\"><\/div><p id=\"pvc_stats_4\" class=\"pvc_stats all  \" data-element-id=\"4\" style=\"\"><i class=\"pvc-stats-icon medium\" aria-hidden=\"true\"><svg aria-hidden=\"true\" focusable=\"false\" data-prefix=\"far\" data-icon=\"chart-bar\" role=\"img\" xmlns=\"http:\/\/www.w3.org\/2000\/svg\" viewBox=\"0 0 512 512\" class=\"svg-inline--fa fa-chart-bar fa-w-16 fa-2x\"><path fill=\"currentColor\" d=\"M396.8 352h22.4c6.4 0 12.8-6.4 12.8-12.8V108.8c0-6.4-6.4-12.8-12.8-12.8h-22.4c-6.4 0-12.8 6.4-12.8 12.8v230.4c0 6.4 6.4 12.8 12.8 12.8zm-192 0h22.4c6.4 0 12.8-6.4 12.8-12.8V140.8c0-6.4-6.4-12.8-12.8-12.8h-22.4c-6.4 0-12.8 6.4-12.8 12.8v198.4c0 6.4 6.4 12.8 12.8 12.8zm96 0h22.4c6.4 0 12.8-6.4 12.8-12.8V204.8c0-6.4-6.4-12.8-12.8-12.8h-22.4c-6.4 0-12.8 6.4-12.8 12.8v134.4c0 6.4 6.4 12.8 12.8 12.8zM496 400H48V80c0-8.84-7.16-16-16-16H16C7.16 64 0 71.16 0 80v336c0 17.67 14.33 32 32 32h464c8.84 0 16-7.16 16-16v-16c0-8.84-7.16-16-16-16zm-387.2-48h22.4c6.4 0 12.8-6.4 12.8-12.8v-70.4c0-6.4-6.4-12.8-12.8-12.8h-22.4c-6.4 0-12.8 6.4-12.8 12.8v70.4c0 6.4 6.4 12.8 12.8 12.8z\" class=\"\"><\/path><\/svg><\/i> <img loading=\"lazy\" decoding=\"async\" width=\"16\" height=\"16\" alt=\"Loading\" src=\"https:\/\/cantosdelcamino.com\/wp-content\/plugins\/page-views-count\/ajax-loader-2x.gif\" border=0 \/><\/p><div class=\"pvc_clear\"><\/div>","protected":false},"excerpt":{"rendered":"<p>\u00a1Bienvenidos al sitio del himnario Cantos del Camino!\u00a0 Esperamos que encuentre muchos recursos aqu\u00ed que les ayude a alabar a Dios. En el sitio tendremos archivos MP3 que les ense\u00f1an las melod\u00edas y las armon\u00edas de los cantos.\u00a0 Adem\u00e1s, tendremos grabaciones de unos cuantos cantos de coros, arreglos de himnos, nuevos himnos escritos por varios [&hellip;]<\/p>\n<div class=\"pvc_clear\"><\/div>\n<p id=\"pvc_stats_4\" class=\"pvc_stats all  \" data-element-id=\"4\" style=\"\"><i class=\"pvc-stats-icon medium\" aria-hidden=\"true\"><svg aria-hidden=\"true\" focusable=\"false\" data-prefix=\"far\" data-icon=\"chart-bar\" role=\"img\" xmlns=\"http:\/\/www.w3.org\/2000\/svg\" viewBox=\"0 0 512 512\" class=\"svg-inline--fa fa-chart-bar fa-w-16 fa-2x\"><path fill=\"currentColor\" d=\"M396.8 352h22.4c6.4 0 12.8-6.4 12.8-12.8V108.8c0-6.4-6.4-12.8-12.8-12.8h-22.4c-6.4 0-12.8 6.4-12.8 12.8v230.4c0 6.4 6.4 12.8 12.8 12.8zm-192 0h22.4c6.4 0 12.8-6.4 12.8-12.8V140.8c0-6.4-6.4-12.8-12.8-12.8h-22.4c-6.4 0-12.8 6.4-12.8 12.8v198.4c0 6.4 6.4 12.8 12.8 12.8zm96 0h22.4c6.4 0 12.8-6.4 12.8-12.8V204.8c0-6.4-6.4-12.8-12.8-12.8h-22.4c-6.4 0-12.8 6.4-12.8 12.8v134.4c0 6.4 6.4 12.8 12.8 12.8zM496 400H48V80c0-8.84-7.16-16-16-16H16C7.16 64 0 71.16 0 80v336c0 17.67 14.33 32 32 32h464c8.84 0 16-7.16 16-16v-16c0-8.84-7.16-16-16-16zm-387.2-48h22.4c6.4 0 12.8-6.4 12.8-12.8v-70.4c0-6.4-6.4-12.8-12.8-12.8h-22.4c-6.4 0-12.8 6.4-12.8 12.8v70.4c0 6.4 6.4 12.8 12.8 12.8z\" class=\"\"><\/path><\/svg><\/i> <img loading=\"lazy\" decoding=\"async\" width=\"16\" height=\"16\" alt=\"Loading\" src=\"https:\/\/cantosdelcamino.com\/wp-content\/plugins\/page-views-count\/ajax-loader-2x.gif\" border=0 \/><\/p>\n<div class=\"pvc_clear\"><\/div>\n","protected":false},"author":1,"featured_media":6,"parent":0,"menu_order":0,"comment_status":"closed","ping_status":"closed","template":"","meta":{"footnotes":""},"class_list":["post-4","page","type-page","status-publish","has-post-thumbnail","hentry","post","post-with-thumbnail","post-with-thumbnail-large"],"a3_pvc":{"activated":true,"total_views":143631,"today_views":6},"_links":{"self":[{"href":"https:\/\/cantosdelcamino.com\/index.php?rest_route=\/wp\/v2\/pages\/4","targetHints":{"allow":["GET"]}}],"collection":[{"href":"https:\/\/cantosdelcamino.com\/index.php?rest_route=\/wp\/v2\/pages"}],"about":[{"href":"https:\/\/cantosdelcamino.com\/index.php?rest_route=\/wp\/v2\/types\/page"}],"author":[{"embeddable":true,"href":"https:\/\/cantosdelcamino.com\/index.php?rest_route=\/wp\/v2\/users\/1"}],"replies":[{"embeddable":true,"href":"https:\/\/cantosdelcamino.com\/index.php?rest_route=%2Fwp%2Fv2%2Fcomments&post=4"}],"version-history":[{"count":9,"href":"https:\/\/cantosdelcamino.com\/index.php?rest_route=\/wp\/v2\/pages\/4\/revisions"}],"predecessor-version":[{"id":1229,"href":"https:\/\/cantosdelcamino.com\/index.php?rest_route=\/wp\/v2\/pages\/4\/revisions\/1229"}],"wp:featuredmedia":[{"embeddable":true,"href":"https:\/\/cantosdelcamino.com\/index.php?rest_route=\/wp\/v2\/media\/6"}],"wp:attachment":[{"href":"https:\/\/cantosdelcamino.com\/index.php?rest_route=%2Fwp%2Fv2%2Fmedia&parent=4"}],"curies":[{"name":"wp","href":"https:\/\/api.w.org\/{rel}","templated":true}]}}